{"id":16116,"date":"2024-07-17T10:42:24","date_gmt":"2024-07-17T10:42:24","guid":{"rendered":"https:\/\/www.defneikon.com\/?post_type=product&#038;p=16116"},"modified":"2025-04-23T09:18:10","modified_gmt":"2025-04-23T09:18:10","slug":"tek-tasli-sans-yuzugu","status":"publish","type":"product","link":"https:\/\/defneikon.com\/?product=tek-tasli-sans-yuzugu","title":{"rendered":"Tek Ta\u015fl\u0131 \u015eans Y\u00fcz\u00fc\u011f\u00fc"},"content":{"rendered":"<p>&#8211; \u00dcR\u00dcNLER\u0130M\u0130Z 925 AYAR G\u00dcM\u00dc\u015eTEN \u0130MAL ED\u0130LMEKTED\u0130R<\/p>\n<p>&#8211; GR, RENK, VE BOYUTLAR EL YAPIMI OLDU\u011eUNDAN FARKLILIK G\u00d6STERE B\u0130L\u0130R<\/p>\n<p>&#8211; Y\u00dcZ\u00dcK \u00d6L\u00c7\u00dcS\u00dcN\u00dc MA\u0130L YADA WHASTAPP YOLUYLA \u0130LETMEN\u0130Z GEREKMEKTED\u0130R. AKS\u0130 TAKD\u0130RDE STANDART \u00d6L\u00c7\u00dc 14\u00a0 NUMARA OLARAK G\u00d6NDER\u0130M YAPILACAKTIR.<\/p>\n<p>&#8211; TA\u015eLARIMIZ Z\u0130RKON, DE\u011eERL\u0130 YADA YARI DE\u011eERL\u0130 TA\u015eLAR KULANILMAKTADIR.<\/p>\n<p>&#8211; \u00dcR\u00dcNLER\u0130M\u0130Z 6 AY BAKIM GARANT\u0130L\u0130D\u0130R.<\/p>\n<p>&nbsp;<\/p>\n","protected":false},"excerpt":{"rendered":"<p>&#8211; \u00dcR\u00dcNLER\u0130M\u0130Z 925 AYAR G\u00dcM\u00dc\u015eTEN \u0130MAL ED\u0130LMEKTED\u0130R &#8211; GR, RENK, VE BOYUTLAR EL YAPIMI OLDU\u011eUNDAN FARKLILIK G\u00d6STERE B\u0130L\u0130R &#8211; Y\u00dcZ\u00dcK<\/p>\n","protected":false},"featured_media":17141,"comment_status":"open","ping_status":"closed","template":"","meta":[],"product_brand":[],"product_cat":[72],"product_tag":[],"class_list":{"0":"post-16116","1":"product","2":"type-product","3":"status-publish","4":"has-post-thumbnail","6":"product_cat-yuzukler","8":"first","9":"instock","10":"shipping-taxable","11":"purchasable","12":"product-type-simple"},"jetpack_sharing_enabled":true,"_links":{"self":[{"href":"https:\/\/defneikon.com\/index.php?rest_route=\/wp\/v2\/product\/16116","targetHints":{"allow":["GET"]}}],"collection":[{"href":"https:\/\/defneikon.com\/index.php?rest_route=\/wp\/v2\/product"}],"about":[{"href":"https:\/\/defneikon.com\/index.php?rest_route=\/wp\/v2\/types\/product"}],"replies":[{"embeddable":true,"href":"https:\/\/defneikon.com\/index.php?rest_route=%2Fwp%2Fv2%2Fcomments&post=16116"}],"version-history":[{"count":2,"href":"https:\/\/defneikon.com\/index.php?rest_route=\/wp\/v2\/product\/16116\/revisions"}],"predecessor-version":[{"id":27526,"href":"https:\/\/defneikon.com\/index.php?rest_route=\/wp\/v2\/product\/16116\/revisions\/27526"}],"wp:featuredmedia":[{"embeddable":true,"href":"https:\/\/defneikon.com\/index.php?rest_route=\/wp\/v2\/media\/17141"}],"wp:attachment":[{"href":"https:\/\/defneikon.com\/index.php?rest_route=%2Fwp%2Fv2%2Fmedia&parent=16116"}],"wp:term":[{"taxonomy":"product_brand","embeddable":true,"href":"https:\/\/defneikon.com\/index.php?rest_route=%2Fwp%2Fv2%2Fproduct_brand&post=16116"},{"taxonomy":"product_cat","embeddable":true,"href":"https:\/\/defneikon.com\/index.php?rest_route=%2Fwp%2Fv2%2Fproduct_cat&post=16116"},{"taxonomy":"product_tag","embeddable":true,"href":"https:\/\/defneikon.com\/index.php?rest_route=%2Fwp%2Fv2%2Fproduct_tag&post=16116"}],"curies":[{"name":"wp","href":"https:\/\/api.w.org\/{rel}","templated":true}]}}