{"id":16819,"date":"2024-07-31T13:16:52","date_gmt":"2024-07-31T13:16:52","guid":{"rendered":"https:\/\/www.defneikon.com\/?post_type=product&#038;p=16819"},"modified":"2025-04-23T20:07:01","modified_gmt":"2025-04-23T20:07:01","slug":"madeni-para-parmak-izi-gumus-kolye","status":"publish","type":"product","link":"https:\/\/defneikon.com\/?product=madeni-para-parmak-izi-gumus-kolye","title":{"rendered":"Madeni Para Parmak \u0130zi G\u00fcm\u00fc\u015f Kolye"},"content":{"rendered":"<p class=\"p1\">El i\u015f\u00e7ili\u011fiyle \u00fcretilen Duygusal Madeni Para Kolyemiz, T\u00fcrkiye&#8217;deki yetenekli zanaatkarlar taraf\u0131ndan 925 ayar g\u00fcm\u00fc\u015ften etik \u015fekilde \u00fcretilmi\u015ftir.<\/p>\n<p class=\"p1\">\u00d6n y\u00fcz\u00fcne benzersiz parmak iziniz titizlikle kaz\u0131nd\u0131\u011f\u0131nda, kolye ki\u015fisel bir hat\u0131raya d\u00f6n\u00fc\u015f\u00fcr. Ayr\u0131ca, madeni paran\u0131n arkas\u0131na ki\u015fisel mesaj\u0131n\u0131z\u0131 kaz\u0131ma se\u00e7ene\u011fi sunuyoruz, b\u00f6ylece \u00f6zel ve anlaml\u0131 bir hediye yaratabilirsiniz. Madeni para, se\u00e7ti\u011finiz uzunlukta bir g\u00fcm\u00fc\u015f zincire as\u0131l\u0131r.<\/p>\n<p>&#8211; \u00dcR\u00dcNLER\u0130M\u0130Z 925 AYAR G\u00dcM\u00dc\u015eTEN \u0130MAL ED\u0130LMEKTED\u0130R.<\/p>\n<p>&#8211; GR, RENK, VE BOYUTLAR EL YAPIMI OLDU\u011eUNDAN FARKLILIK G\u00d6STERE B\u0130L\u0130R.<\/p>\n<p>&#8211; S\u0130NC\u0130R BOYLARI KADIN:45 ERKEK :60 CM OLARAK STANDART BOYDADIR.<\/p>\n<p>&#8211; Z\u0130NC\u0130R BOYLARINA M\u00dcDAHELE EKSTRA F\u0130YAT FARKI \u00c7IKARTMAKTADIR.<\/p>\n<p>&#8211; TA\u015eLARIMIZ Z\u0130RKON, DE\u011eERL\u0130 YADA YARI DE\u011eERL\u0130 TA\u015eLAR KULANILMAKTADIR.<\/p>\n<p>&#8211; \u00dcR\u00dcNLER\u0130M\u0130Z 6 AY BAKIM GARANT\u0130L\u0130D\u0130R.<\/p>\n","protected":false},"excerpt":{"rendered":"<div class=\"woocommerce-product-details__short-description\">\n<div class=\"woocommerce-product-details__short-description\">\n<div class=\"woocommerce-product-details__short-description\">\n<div class=\"woocommerce-product-details__short-description\">\n<div class=\"woocommerce-product-details__short-description\">\n<div class=\"woocommerce-product-details__short-description\">\n<div class=\"woocommerce-product-details__short-description\">\n<div class=\"product-list-row\">\n<div class=\"product-list-title\"><strong>Garanti S\u00fcresi<\/strong>: 12\u00a0Ay<\/div>\n<\/div>\n<div class=\"product-list-row\"><strong>Havale Al\u0131mlar\u0131nda<\/strong> (%5,00 havale indirimi)<\/div>\n<\/div>\n<\/div>\n<\/div>\n<\/div>\n<\/div>\n<\/div>\n<\/div>\n","protected":false},"featured_media":16820,"comment_status":"open","ping_status":"closed","template":"","meta":[],"product_brand":[],"product_cat":[76,75],"product_tag":[],"class_list":{"0":"post-16819","1":"product","2":"type-product","3":"status-publish","4":"has-post-thumbnail","6":"product_cat-gumus-kolye","7":"product_cat-kolyeler","9":"first","10":"instock","11":"shipping-taxable","12":"purchasable","13":"product-type-simple"},"jetpack_sharing_enabled":true,"_links":{"self":[{"href":"https:\/\/defneikon.com\/index.php?rest_route=\/wp\/v2\/product\/16819","targetHints":{"allow":["GET"]}}],"collection":[{"href":"https:\/\/defneikon.com\/index.php?rest_route=\/wp\/v2\/product"}],"about":[{"href":"https:\/\/defneikon.com\/index.php?rest_route=\/wp\/v2\/types\/product"}],"replies":[{"embeddable":true,"href":"https:\/\/defneikon.com\/index.php?rest_route=%2Fwp%2Fv2%2Fcomments&post=16819"}],"version-history":[{"count":2,"href":"https:\/\/defneikon.com\/index.php?rest_route=\/wp\/v2\/product\/16819\/revisions"}],"predecessor-version":[{"id":27592,"href":"https:\/\/defneikon.com\/index.php?rest_route=\/wp\/v2\/product\/16819\/revisions\/27592"}],"wp:featuredmedia":[{"embeddable":true,"href":"https:\/\/defneikon.com\/index.php?rest_route=\/wp\/v2\/media\/16820"}],"wp:attachment":[{"href":"https:\/\/defneikon.com\/index.php?rest_route=%2Fwp%2Fv2%2Fmedia&parent=16819"}],"wp:term":[{"taxonomy":"product_brand","embeddable":true,"href":"https:\/\/defneikon.com\/index.php?rest_route=%2Fwp%2Fv2%2Fproduct_brand&post=16819"},{"taxonomy":"product_cat","embeddable":true,"href":"https:\/\/defneikon.com\/index.php?rest_route=%2Fwp%2Fv2%2Fproduct_cat&post=16819"},{"taxonomy":"product_tag","embeddable":true,"href":"https:\/\/defneikon.com\/index.php?rest_route=%2Fwp%2Fv2%2Fproduct_tag&post=16819"}],"curies":[{"name":"wp","href":"https:\/\/api.w.org\/{rel}","templated":true}]}}