{"id":16836,"date":"2024-08-05T19:27:14","date_gmt":"2024-08-05T19:27:14","guid":{"rendered":"https:\/\/www.defneikon.com\/?post_type=product&#038;p=16836"},"modified":"2025-10-06T19:23:32","modified_gmt":"2025-10-06T19:23:32","slug":"dugum-gumus-bilezik-madeni-para","status":"publish","type":"product","link":"https:\/\/defneikon.com\/?product=dugum-gumus-bilezik-madeni-para","title":{"rendered":"D\u00fc\u011f\u00fcm G\u00fcm\u00fc\u015f Bilezik Madeni Para"},"content":{"rendered":"<p>\u00dcr\u00fcnlerimiz 925 ayar has g\u00fcm\u00fc\u015ften \u00fcretilmektedir. El yap\u0131m\u0131 oldu\u011fundan GRam a\u011f\u0131rl\u0131klar\u0131 farkl\u0131l\u0131k g\u00f6sterebilir.<\/p>\n","protected":false},"excerpt":{"rendered":"<div class=\"woocommerce-product-details__short-description\">\n<div class=\"woocommerce-product-details__short-description\">\n<div class=\"woocommerce-product-details__short-description\">\n<div class=\"woocommerce-product-details__short-description\">\n<div class=\"woocommerce-product-details__short-description\">\n<div class=\"woocommerce-product-details__short-description\">\n<div class=\"woocommerce-product-details__short-description\">\n<div class=\"woocommerce-product-details__short-description\">\n<div class=\"woocommerce-product-details__short-description\">\n<div class=\"product-list-row\">\n<div class=\"product-list-title\"><strong>Garanti S\u00fcresi<\/strong>: 12\u00a0Ay<\/div>\n<\/div>\n<div class=\"product-list-row\"><strong>Havale Al\u0131mlar\u0131nda<\/strong> (%5,00 havale indirimi)<\/div>\n<\/div>\n<\/div>\n<\/div>\n<\/div>\n<\/div>\n<\/div>\n<\/div>\n<\/div>\n<\/div>\n","protected":false},"featured_media":16837,"comment_status":"open","ping_status":"closed","template":"","meta":[],"product_brand":[],"product_cat":[73,74],"product_tag":[],"class_list":{"0":"post-16836","1":"product","2":"type-product","3":"status-publish","4":"has-post-thumbnail","6":"product_cat-bileklikler","7":"product_cat-gumus-bilezik","9":"first","10":"instock","11":"shipping-taxable","12":"purchasable","13":"product-type-simple"},"jetpack_sharing_enabled":true,"_links":{"self":[{"href":"https:\/\/defneikon.com\/index.php?rest_route=\/wp\/v2\/product\/16836","targetHints":{"allow":["GET"]}}],"collection":[{"href":"https:\/\/defneikon.com\/index.php?rest_route=\/wp\/v2\/product"}],"about":[{"href":"https:\/\/defneikon.com\/index.php?rest_route=\/wp\/v2\/types\/product"}],"replies":[{"embeddable":true,"href":"https:\/\/defneikon.com\/index.php?rest_route=%2Fwp%2Fv2%2Fcomments&post=16836"}],"version-history":[{"count":1,"href":"https:\/\/defneikon.com\/index.php?rest_route=\/wp\/v2\/product\/16836\/revisions"}],"predecessor-version":[{"id":27630,"href":"https:\/\/defneikon.com\/index.php?rest_route=\/wp\/v2\/product\/16836\/revisions\/27630"}],"wp:featuredmedia":[{"embeddable":true,"href":"https:\/\/defneikon.com\/index.php?rest_route=\/wp\/v2\/media\/16837"}],"wp:attachment":[{"href":"https:\/\/defneikon.com\/index.php?rest_route=%2Fwp%2Fv2%2Fmedia&parent=16836"}],"wp:term":[{"taxonomy":"product_brand","embeddable":true,"href":"https:\/\/defneikon.com\/index.php?rest_route=%2Fwp%2Fv2%2Fproduct_brand&post=16836"},{"taxonomy":"product_cat","embeddable":true,"href":"https:\/\/defneikon.com\/index.php?rest_route=%2Fwp%2Fv2%2Fproduct_cat&post=16836"},{"taxonomy":"product_tag","embeddable":true,"href":"https:\/\/defneikon.com\/index.php?rest_route=%2Fwp%2Fv2%2Fproduct_tag&post=16836"}],"curies":[{"name":"wp","href":"https:\/\/api.w.org\/{rel}","templated":true}]}}