{"id":16856,"date":"2024-08-06T05:52:04","date_gmt":"2024-08-06T05:52:04","guid":{"rendered":"https:\/\/www.defneikon.com\/?post_type=product&#038;p=16856"},"modified":"2025-04-23T19:49:40","modified_gmt":"2025-04-23T19:49:40","slug":"birbirine-bagli-kare-sarkan-kupe","status":"publish","type":"product","link":"https:\/\/defneikon.com\/?product=birbirine-bagli-kare-sarkan-kupe","title":{"rendered":"BirBirine Ba\u011fl\u0131 Kare Sarkan K\u00fcpe"},"content":{"rendered":"<p>&#8211; \u00dcR\u00dcNLER\u0130M\u0130Z 925 AYAR G\u00dcM\u00dc\u015eTEN \u0130MAL ED\u0130LMEKTED\u0130R<\/p>\n<p>&#8211; GR, RENK, VE BOYUTLAR EL YAPIMI OLDU\u011eUNDAN FARKLILIK G\u00d6STERE B\u0130L\u0130R<\/p>\n<p>&#8211; K\u00dcPE F\u0130YATLARIMIZ \u00c7\u0130FT K\u00dcPE OLARAK VER\u0130LM\u0130\u015eT\u0130R.<\/p>\n<p>&#8211; TA\u015eLARIMIZ Z\u0130RKON, DE\u011eERL\u0130 YADA YARI DE\u011eERL\u0130 TA\u015eLAR KULANILMAKTADIR.<\/p>\n<p>&#8211; \u00dcR\u00dcNLER\u0130M\u0130Z 6 AY BAKIM GARANT\u0130L\u0130D\u0130R.<\/p>\n","protected":false},"excerpt":{"rendered":"<div class=\"woocommerce-product-details__short-description\">\n<div class=\"woocommerce-product-details__short-description\">\n<div class=\"woocommerce-product-details__short-description\">\n<div class=\"woocommerce-product-details__short-description\">\n<div class=\"woocommerce-product-details__short-description\">\n<div class=\"woocommerce-product-details__short-description\">\n<div class=\"woocommerce-product-details__short-description\">\n<div class=\"woocommerce-product-details__short-description\">\n<div class=\"woocommerce-product-details__short-description\">\n<div class=\"woocommerce-product-details__short-description\">\n<div class=\"product-list-row\">\n<div class=\"product-list-title\"><strong>Garanti S\u00fcresi<\/strong>: 12\u00a0Ay<\/div>\n<\/div>\n<div class=\"product-list-row\"><strong>Havale Al\u0131mlar\u0131nda<\/strong> (%5,00 havale indirimi)<\/div>\n<\/div>\n<\/div>\n<\/div>\n<\/div>\n<\/div>\n<\/div>\n<\/div>\n<\/div>\n<\/div>\n<\/div>\n","protected":false},"featured_media":16857,"comment_status":"open","ping_status":"closed","template":"","meta":[],"product_brand":[],"product_cat":[78,79],"product_tag":[],"class_list":{"0":"post-16856","1":"product","2":"type-product","3":"status-publish","4":"has-post-thumbnail","6":"product_cat-gumus-kupeler","7":"product_cat-kupeler","9":"first","10":"instock","11":"shipping-taxable","12":"purchasable","13":"product-type-simple"},"jetpack_sharing_enabled":true,"_links":{"self":[{"href":"https:\/\/defneikon.com\/index.php?rest_route=\/wp\/v2\/product\/16856","targetHints":{"allow":["GET"]}}],"collection":[{"href":"https:\/\/defneikon.com\/index.php?rest_route=\/wp\/v2\/product"}],"about":[{"href":"https:\/\/defneikon.com\/index.php?rest_route=\/wp\/v2\/types\/product"}],"replies":[{"embeddable":true,"href":"https:\/\/defneikon.com\/index.php?rest_route=%2Fwp%2Fv2%2Fcomments&post=16856"}],"version-history":[{"count":2,"href":"https:\/\/defneikon.com\/index.php?rest_route=\/wp\/v2\/product\/16856\/revisions"}],"predecessor-version":[{"id":27560,"href":"https:\/\/defneikon.com\/index.php?rest_route=\/wp\/v2\/product\/16856\/revisions\/27560"}],"wp:featuredmedia":[{"embeddable":true,"href":"https:\/\/defneikon.com\/index.php?rest_route=\/wp\/v2\/media\/16857"}],"wp:attachment":[{"href":"https:\/\/defneikon.com\/index.php?rest_route=%2Fwp%2Fv2%2Fmedia&parent=16856"}],"wp:term":[{"taxonomy":"product_brand","embeddable":true,"href":"https:\/\/defneikon.com\/index.php?rest_route=%2Fwp%2Fv2%2Fproduct_brand&post=16856"},{"taxonomy":"product_cat","embeddable":true,"href":"https:\/\/defneikon.com\/index.php?rest_route=%2Fwp%2Fv2%2Fproduct_cat&post=16856"},{"taxonomy":"product_tag","embeddable":true,"href":"https:\/\/defneikon.com\/index.php?rest_route=%2Fwp%2Fv2%2Fproduct_tag&post=16856"}],"curies":[{"name":"wp","href":"https:\/\/api.w.org\/{rel}","templated":true}]}}