{"id":16973,"date":"2024-08-21T06:09:53","date_gmt":"2024-08-21T06:09:53","guid":{"rendered":"https:\/\/www.defneikon.com\/?post_type=product&#038;p=16973"},"modified":"2025-09-25T14:48:42","modified_gmt":"2025-09-25T14:48:42","slug":"kalin-imzali-erkek-gumus-bilezik","status":"publish","type":"product","link":"https:\/\/defneikon.com\/?product=kalin-imzali-erkek-gumus-bilezik","title":{"rendered":"Kal\u0131n \u0130mzal\u0131 Erkek G\u00fcm\u00fc\u015f Bilezik"},"content":{"rendered":"<p>\u00dcr\u00fcnlerimiz 925 ayar has g\u00fcm\u00fc\u015ften \u00fcretilmektedir. El yap\u0131m\u0131 oldu\u011fundan GRam a\u011f\u0131rl\u0131klar\u0131 farkl\u0131l\u0131k g\u00f6sterebilir.<\/p>\n","protected":false},"excerpt":{"rendered":"<div class=\"product-list-row\">\n<div class=\"product-list-title\"><strong>Garanti S\u00fcresi<\/strong>: 12\u00a0Ay<\/div>\n<\/div>\n<div class=\"product-list-row\"><strong>Havale Al\u0131mlar\u0131nda<\/strong>\u00a0(%5,00 havale indirimi)<\/div>\n<div><\/div>\n<div>(Kendi \u0130mzan\u0131z\u0131 G\u00f6nderebilirsiniz)<\/div>\n","protected":false},"featured_media":16974,"comment_status":"open","ping_status":"closed","template":"","meta":[],"product_brand":[],"product_cat":[73,74],"product_tag":[],"class_list":{"0":"post-16973","1":"product","2":"type-product","3":"status-publish","4":"has-post-thumbnail","6":"product_cat-bileklikler","7":"product_cat-gumus-bilezik","9":"first","10":"instock","11":"shipping-taxable","12":"purchasable","13":"product-type-simple"},"jetpack_sharing_enabled":true,"_links":{"self":[{"href":"https:\/\/defneikon.com\/index.php?rest_route=\/wp\/v2\/product\/16973","targetHints":{"allow":["GET"]}}],"collection":[{"href":"https:\/\/defneikon.com\/index.php?rest_route=\/wp\/v2\/product"}],"about":[{"href":"https:\/\/defneikon.com\/index.php?rest_route=\/wp\/v2\/types\/product"}],"replies":[{"embeddable":true,"href":"https:\/\/defneikon.com\/index.php?rest_route=%2Fwp%2Fv2%2Fcomments&post=16973"}],"version-history":[{"count":3,"href":"https:\/\/defneikon.com\/index.php?rest_route=\/wp\/v2\/product\/16973\/revisions"}],"predecessor-version":[{"id":27627,"href":"https:\/\/defneikon.com\/index.php?rest_route=\/wp\/v2\/product\/16973\/revisions\/27627"}],"wp:featuredmedia":[{"embeddable":true,"href":"https:\/\/defneikon.com\/index.php?rest_route=\/wp\/v2\/media\/16974"}],"wp:attachment":[{"href":"https:\/\/defneikon.com\/index.php?rest_route=%2Fwp%2Fv2%2Fmedia&parent=16973"}],"wp:term":[{"taxonomy":"product_brand","embeddable":true,"href":"https:\/\/defneikon.com\/index.php?rest_route=%2Fwp%2Fv2%2Fproduct_brand&post=16973"},{"taxonomy":"product_cat","embeddable":true,"href":"https:\/\/defneikon.com\/index.php?rest_route=%2Fwp%2Fv2%2Fproduct_cat&post=16973"},{"taxonomy":"product_tag","embeddable":true,"href":"https:\/\/defneikon.com\/index.php?rest_route=%2Fwp%2Fv2%2Fproduct_tag&post=16973"}],"curies":[{"name":"wp","href":"https:\/\/api.w.org\/{rel}","templated":true}]}}