{"id":17022,"date":"2024-08-23T06:29:24","date_gmt":"2024-08-23T06:29:24","guid":{"rendered":"https:\/\/www.defneikon.com\/?post_type=product&#038;p=17022"},"modified":"2025-04-23T20:04:46","modified_gmt":"2025-04-23T20:04:46","slug":"ilkhalo-harfli-gumus-kolye","status":"publish","type":"product","link":"https:\/\/defneikon.com\/?product=ilkhalo-harfli-gumus-kolye","title":{"rendered":"\u0130lkHalo Harfli G\u00fcm\u00fc\u015f Kolye"},"content":{"rendered":"<p>&#8211; \u00dcR\u00dcNLER\u0130M\u0130Z 925 AYAR G\u00dcM\u00dc\u015eTEN \u0130MAL ED\u0130LMEKTED\u0130R.<\/p>\n<p>&#8211; GR, RENK, VE BOYUTLAR EL YAPIMI OLDU\u011eUNDAN FARKLILIK G\u00d6STERE B\u0130L\u0130R.<\/p>\n<p>&#8211; \u0130STEN\u0130LEN HARF S\u0130PAR\u0130\u015e SIRASINDA MA\u0130L YADA WHASTAPP DAN BEL\u0130RT\u0130LMEL\u0130D\u0130R.<\/p>\n<p>&#8211; S\u0130NC\u0130R BOYLARI KADIN:45 ERKEK :60 CM OLARAK STANDART BOYDADIR.<\/p>\n<p>&#8211; Z\u0130NC\u0130R BOYLARINA M\u00dcDAHELE EKSTRA F\u0130YAT FARKI \u00c7IKARTMAKTADIR.<\/p>\n<p>&#8211; TA\u015eLARIMIZ Z\u0130RKON, DE\u011eERL\u0130 YADA YARI DE\u011eERL\u0130 TA\u015eLAR KULANILMAKTADIR.<\/p>\n<p>&#8211; \u00dcR\u00dcNLER\u0130M\u0130Z 6 AY BAKIM GARANT\u0130L\u0130D\u0130R.<\/p>\n","protected":false},"excerpt":{"rendered":"<div class=\"product-list-row\">\n<div class=\"product-list-title\"><strong>Garanti S\u00fcresi<\/strong>: 12\u00a0Ay<\/div>\n<\/div>\n<div class=\"product-list-row\"><strong>Havale Al\u0131mlar\u0131nda<\/strong>\u00a0(%5,00 havale indirimi)<\/div>\n","protected":false},"featured_media":17023,"comment_status":"open","ping_status":"closed","template":"","meta":[],"product_brand":[],"product_cat":[76,75],"product_tag":[],"class_list":{"0":"post-17022","1":"product","2":"type-product","3":"status-publish","4":"has-post-thumbnail","6":"product_cat-gumus-kolye","7":"product_cat-kolyeler","9":"first","10":"instock","11":"shipping-taxable","12":"purchasable","13":"product-type-simple"},"jetpack_sharing_enabled":true,"_links":{"self":[{"href":"https:\/\/defneikon.com\/index.php?rest_route=\/wp\/v2\/product\/17022","targetHints":{"allow":["GET"]}}],"collection":[{"href":"https:\/\/defneikon.com\/index.php?rest_route=\/wp\/v2\/product"}],"about":[{"href":"https:\/\/defneikon.com\/index.php?rest_route=\/wp\/v2\/types\/product"}],"replies":[{"embeddable":true,"href":"https:\/\/defneikon.com\/index.php?rest_route=%2Fwp%2Fv2%2Fcomments&post=17022"}],"version-history":[{"count":2,"href":"https:\/\/defneikon.com\/index.php?rest_route=\/wp\/v2\/product\/17022\/revisions"}],"predecessor-version":[{"id":27582,"href":"https:\/\/defneikon.com\/index.php?rest_route=\/wp\/v2\/product\/17022\/revisions\/27582"}],"wp:featuredmedia":[{"embeddable":true,"href":"https:\/\/defneikon.com\/index.php?rest_route=\/wp\/v2\/media\/17023"}],"wp:attachment":[{"href":"https:\/\/defneikon.com\/index.php?rest_route=%2Fwp%2Fv2%2Fmedia&parent=17022"}],"wp:term":[{"taxonomy":"product_brand","embeddable":true,"href":"https:\/\/defneikon.com\/index.php?rest_route=%2Fwp%2Fv2%2Fproduct_brand&post=17022"},{"taxonomy":"product_cat","embeddable":true,"href":"https:\/\/defneikon.com\/index.php?rest_route=%2Fwp%2Fv2%2Fproduct_cat&post=17022"},{"taxonomy":"product_tag","embeddable":true,"href":"https:\/\/defneikon.com\/index.php?rest_route=%2Fwp%2Fv2%2Fproduct_tag&post=17022"}],"curies":[{"name":"wp","href":"https:\/\/api.w.org\/{rel}","templated":true}]}}