{"id":17262,"date":"2024-09-25T15:48:10","date_gmt":"2024-09-25T15:48:10","guid":{"rendered":"https:\/\/www.defneikon.com\/?post_type=product&amp;p=17262"},"modified":"2024-09-25T15:48:10","modified_gmt":"2024-09-25T15:48:10","slug":"gumus-kisiye-ozel-isimli-kolye","status":"publish","type":"product","link":"https:\/\/defneikon.com\/?product=gumus-kisiye-ozel-isimli-kolye","title":{"rendered":"G\u00fcm\u00fc\u015f Ki\u015fiye \u00d6zel \u0130simli Kolye"},"content":{"rendered":"<div id=\"product-detail\" class=\"col col-12\">\n<div class=\"row\">\n<div class=\"col col-12\">\n<div id=\"urun-tab\" class=\"row mb\">\n<div class=\"col col-12\">\n<div class=\"row slide-wrapper\">\n<div class=\"fl col-12\">\n<div class=\"row\">\n<div id=\"productDetailTab\" class=\"col col-12 mb\">\n<div class=\"row mb\">\n<div>\n<p>En : 2.40 cm<\/p>\n<p>Boy : 2.80 cm<\/p>\n<p>A\u011f\u0131rl\u0131k : 3.10 gr.<\/p>\n<\/div>\n<\/div>\n<\/div>\n<\/div>\n<\/div>\n<\/div>\n<\/div>\n<\/div>\n<\/div>\n<\/div>\n<\/div>\n<div id=\"pageScripts\"><\/div>\n<div id=\"list-catalog1043\" class=\"fl col-12\">\n<div class=\"fl col-12 mb\"><\/div>\n<\/div>\n","protected":false},"excerpt":{"rendered":"<div class=\"product-list-row\">\n<div class=\"product-list-title\"><strong>Garanti S\u00fcresi<\/strong>: 12\u00a0Ay<\/div>\n<\/div>\n<div class=\"product-list-row\"><strong>Havale Al\u0131mlar\u0131nda<\/strong>\u00a0(%5,00 havale indirimi)<\/div>\n","protected":false},"featured_media":17263,"comment_status":"open","ping_status":"closed","template":"","meta":[],"product_brand":[],"product_cat":[76],"product_tag":[],"class_list":{"0":"post-17262","1":"product","2":"type-product","3":"status-publish","4":"has-post-thumbnail","6":"product_cat-gumus-kolye","8":"first","9":"instock","10":"shipping-taxable","11":"purchasable","12":"product-type-simple"},"jetpack_sharing_enabled":true,"_links":{"self":[{"href":"https:\/\/defneikon.com\/index.php?rest_route=\/wp\/v2\/product\/17262","targetHints":{"allow":["GET"]}}],"collection":[{"href":"https:\/\/defneikon.com\/index.php?rest_route=\/wp\/v2\/product"}],"about":[{"href":"https:\/\/defneikon.com\/index.php?rest_route=\/wp\/v2\/types\/product"}],"replies":[{"embeddable":true,"href":"https:\/\/defneikon.com\/index.php?rest_route=%2Fwp%2Fv2%2Fcomments&post=17262"}],"version-history":[{"count":0,"href":"https:\/\/defneikon.com\/index.php?rest_route=\/wp\/v2\/product\/17262\/revisions"}],"wp:featuredmedia":[{"embeddable":true,"href":"https:\/\/defneikon.com\/index.php?rest_route=\/wp\/v2\/media\/17263"}],"wp:attachment":[{"href":"https:\/\/defneikon.com\/index.php?rest_route=%2Fwp%2Fv2%2Fmedia&parent=17262"}],"wp:term":[{"taxonomy":"product_brand","embeddable":true,"href":"https:\/\/defneikon.com\/index.php?rest_route=%2Fwp%2Fv2%2Fproduct_brand&post=17262"},{"taxonomy":"product_cat","embeddable":true,"href":"https:\/\/defneikon.com\/index.php?rest_route=%2Fwp%2Fv2%2Fproduct_cat&post=17262"},{"taxonomy":"product_tag","embeddable":true,"href":"https:\/\/defneikon.com\/index.php?rest_route=%2Fwp%2Fv2%2Fproduct_tag&post=17262"}],"curies":[{"name":"wp","href":"https:\/\/api.w.org\/{rel}","templated":true}]}}