{"id":17265,"date":"2024-09-25T19:33:03","date_gmt":"2024-09-25T19:33:03","guid":{"rendered":"https:\/\/www.defneikon.com\/?post_type=product&#038;p=17265"},"modified":"2025-09-25T14:45:25","modified_gmt":"2025-09-25T14:45:25","slug":"ipli-gumus-nazar-boncugu","status":"publish","type":"product","link":"https:\/\/defneikon.com\/?product=ipli-gumus-nazar-boncugu","title":{"rendered":"\u0130pli G\u00fcm\u00fc\u015f Nazar Boncu\u011fu"},"content":{"rendered":"<p>\u00d6zel ipli nazar boncu\u011fu bileklik \u00fcr\u00fcn\u00fcm\u00fcz el eme\u011fidir ve \u00f6zenle haz\u0131rlanmaktad\u0131r.<\/p>\n","protected":false},"excerpt":{"rendered":"<p>\u00d6zel ipli nazar boncu\u011fu bileklik \u00fcr\u00fcn\u00fcm\u00fcz el eme\u011fidir ve \u00f6zenle haz\u0131rlanmaktad\u0131r.<\/p>\n","protected":false},"featured_media":17266,"comment_status":"open","ping_status":"closed","template":"","meta":[],"product_brand":[],"product_cat":[73],"product_tag":[],"class_list":{"0":"post-17265","1":"product","2":"type-product","3":"status-publish","4":"has-post-thumbnail","6":"product_cat-bileklikler","8":"first","9":"instock","10":"shipping-taxable","11":"purchasable","12":"product-type-simple"},"jetpack_sharing_enabled":true,"_links":{"self":[{"href":"https:\/\/defneikon.com\/index.php?rest_route=\/wp\/v2\/product\/17265","targetHints":{"allow":["GET"]}}],"collection":[{"href":"https:\/\/defneikon.com\/index.php?rest_route=\/wp\/v2\/product"}],"about":[{"href":"https:\/\/defneikon.com\/index.php?rest_route=\/wp\/v2\/types\/product"}],"replies":[{"embeddable":true,"href":"https:\/\/defneikon.com\/index.php?rest_route=%2Fwp%2Fv2%2Fcomments&post=17265"}],"version-history":[{"count":2,"href":"https:\/\/defneikon.com\/index.php?rest_route=\/wp\/v2\/product\/17265\/revisions"}],"predecessor-version":[{"id":27612,"href":"https:\/\/defneikon.com\/index.php?rest_route=\/wp\/v2\/product\/17265\/revisions\/27612"}],"wp:featuredmedia":[{"embeddable":true,"href":"https:\/\/defneikon.com\/index.php?rest_route=\/wp\/v2\/media\/17266"}],"wp:attachment":[{"href":"https:\/\/defneikon.com\/index.php?rest_route=%2Fwp%2Fv2%2Fmedia&parent=17265"}],"wp:term":[{"taxonomy":"product_brand","embeddable":true,"href":"https:\/\/defneikon.com\/index.php?rest_route=%2Fwp%2Fv2%2Fproduct_brand&post=17265"},{"taxonomy":"product_cat","embeddable":true,"href":"https:\/\/defneikon.com\/index.php?rest_route=%2Fwp%2Fv2%2Fproduct_cat&post=17265"},{"taxonomy":"product_tag","embeddable":true,"href":"https:\/\/defneikon.com\/index.php?rest_route=%2Fwp%2Fv2%2Fproduct_tag&post=17265"}],"curies":[{"name":"wp","href":"https:\/\/api.w.org\/{rel}","templated":true}]}}