{"id":17308,"date":"2024-09-25T19:49:49","date_gmt":"2024-09-25T19:49:49","guid":{"rendered":"https:\/\/www.defneikon.com\/?post_type=product&#038;p=17308"},"modified":"2025-09-25T14:42:43","modified_gmt":"2025-09-25T14:42:43","slug":"renk-degistiren-sultan-mini-set","status":"publish","type":"product","link":"https:\/\/defneikon.com\/?product=renk-degistiren-sultan-mini-set","title":{"rendered":"Renk De\u011fi\u015ftiren Sultan Mini Set"},"content":{"rendered":"<p>\u00dcr\u00fcnlerimiz 925 ayar has g\u00fcm\u00fc\u015ften \u00fcretilmektedir. El yap\u0131m\u0131 oldu\u011fundan GRam a\u011f\u0131rl\u0131klar\u0131 farkl\u0131l\u0131k g\u00f6sterebilir.<\/p>\n","protected":false},"excerpt":{"rendered":"<p>\u00dcr\u00fcnlerimiz 925 ayar has g\u00fcm\u00fc\u015ften \u00fcretilmektedir. El yap\u0131m\u0131 oldu\u011fundan GRam a\u011f\u0131rl\u0131klar\u0131 farkl\u0131l\u0131k g\u00f6sterebilir.<\/p>\n","protected":false},"featured_media":17309,"comment_status":"open","ping_status":"closed","template":"","meta":[],"product_brand":[],"product_cat":[81],"product_tag":[],"class_list":{"0":"post-17308","1":"product","2":"type-product","3":"status-publish","4":"has-post-thumbnail","6":"product_cat-setler","8":"first","9":"instock","10":"shipping-taxable","11":"purchasable","12":"product-type-simple"},"jetpack_sharing_enabled":true,"_links":{"self":[{"href":"https:\/\/defneikon.com\/index.php?rest_route=\/wp\/v2\/product\/17308","targetHints":{"allow":["GET"]}}],"collection":[{"href":"https:\/\/defneikon.com\/index.php?rest_route=\/wp\/v2\/product"}],"about":[{"href":"https:\/\/defneikon.com\/index.php?rest_route=\/wp\/v2\/types\/product"}],"replies":[{"embeddable":true,"href":"https:\/\/defneikon.com\/index.php?rest_route=%2Fwp%2Fv2%2Fcomments&post=17308"}],"version-history":[{"count":1,"href":"https:\/\/defneikon.com\/index.php?rest_route=\/wp\/v2\/product\/17308\/revisions"}],"predecessor-version":[{"id":27604,"href":"https:\/\/defneikon.com\/index.php?rest_route=\/wp\/v2\/product\/17308\/revisions\/27604"}],"wp:featuredmedia":[{"embeddable":true,"href":"https:\/\/defneikon.com\/index.php?rest_route=\/wp\/v2\/media\/17309"}],"wp:attachment":[{"href":"https:\/\/defneikon.com\/index.php?rest_route=%2Fwp%2Fv2%2Fmedia&parent=17308"}],"wp:term":[{"taxonomy":"product_brand","embeddable":true,"href":"https:\/\/defneikon.com\/index.php?rest_route=%2Fwp%2Fv2%2Fproduct_brand&post=17308"},{"taxonomy":"product_cat","embeddable":true,"href":"https:\/\/defneikon.com\/index.php?rest_route=%2Fwp%2Fv2%2Fproduct_cat&post=17308"},{"taxonomy":"product_tag","embeddable":true,"href":"https:\/\/defneikon.com\/index.php?rest_route=%2Fwp%2Fv2%2Fproduct_tag&post=17308"}],"curies":[{"name":"wp","href":"https:\/\/api.w.org\/{rel}","templated":true}]}}