{"id":17696,"date":"2024-10-17T14:02:59","date_gmt":"2024-10-17T14:02:59","guid":{"rendered":"https:\/\/www.defneikon.com\/product\/gulumseyen-kup-carm\/"},"modified":"2024-10-17T14:02:59","modified_gmt":"2024-10-17T14:02:59","slug":"gulumseyen-kup-carm","status":"publish","type":"product","link":"https:\/\/defneikon.com\/?product=gulumseyen-kup-carm","title":{"rendered":"G\u00fcl\u00fcmseyen K\u00fcp \u00c7arm"},"content":{"rendered":"<p>1,08 GR \u00dcr\u00fcnlerimiz 925 ayar has g\u00fcm\u00fc\u015ften \u00fcretilmektedir. El yap\u0131m\u0131 oldu\u011fundan GR a\u011f\u0131rl\u0131klar\u0131 farkl\u0131l\u0131k g\u00f6stere bilir.<\/p>\n","protected":false},"excerpt":{"rendered":"<p>1,08 GR \u00dcr\u00fcnlerimiz 925 ayar has g\u00fcm\u00fc\u015ften \u00fcretilmektedir. El yap\u0131m\u0131 oldu\u011fundan GR a\u011f\u0131rl\u0131klar\u0131 farkl\u0131l\u0131k g\u00f6stere bilir.<\/p>\n","protected":false},"featured_media":17499,"comment_status":"closed","ping_status":"open","template":"","meta":[],"product_brand":[],"product_cat":[76],"product_tag":[],"class_list":{"0":"post-17696","1":"product","2":"type-product","3":"status-publish","4":"has-post-thumbnail","6":"product_cat-gumus-kolye","8":"first","9":"instock","10":"purchasable","11":"product-type-simple"},"jetpack_sharing_enabled":true,"_links":{"self":[{"href":"https:\/\/defneikon.com\/index.php?rest_route=\/wp\/v2\/product\/17696","targetHints":{"allow":["GET"]}}],"collection":[{"href":"https:\/\/defneikon.com\/index.php?rest_route=\/wp\/v2\/product"}],"about":[{"href":"https:\/\/defneikon.com\/index.php?rest_route=\/wp\/v2\/types\/product"}],"replies":[{"embeddable":true,"href":"https:\/\/defneikon.com\/index.php?rest_route=%2Fwp%2Fv2%2Fcomments&post=17696"}],"version-history":[{"count":0,"href":"https:\/\/defneikon.com\/index.php?rest_route=\/wp\/v2\/product\/17696\/revisions"}],"wp:featuredmedia":[{"embeddable":true,"href":"https:\/\/defneikon.com\/index.php?rest_route=\/wp\/v2\/media\/17499"}],"wp:attachment":[{"href":"https:\/\/defneikon.com\/index.php?rest_route=%2Fwp%2Fv2%2Fmedia&parent=17696"}],"wp:term":[{"taxonomy":"product_brand","embeddable":true,"href":"https:\/\/defneikon.com\/index.php?rest_route=%2Fwp%2Fv2%2Fproduct_brand&post=17696"},{"taxonomy":"product_cat","embeddable":true,"href":"https:\/\/defneikon.com\/index.php?rest_route=%2Fwp%2Fv2%2Fproduct_cat&post=17696"},{"taxonomy":"product_tag","embeddable":true,"href":"https:\/\/defneikon.com\/index.php?rest_route=%2Fwp%2Fv2%2Fproduct_tag&post=17696"}],"curies":[{"name":"wp","href":"https:\/\/api.w.org\/{rel}","templated":true}]}}