{"id":17710,"date":"2024-10-17T14:02:59","date_gmt":"2024-10-17T14:02:59","guid":{"rendered":"https:\/\/www.defneikon.com\/product\/harf-kolyeler\/"},"modified":"2025-02-18T00:12:26","modified_gmt":"2025-02-18T00:12:26","slug":"harf-kolyeler","status":"publish","type":"product","link":"https:\/\/defneikon.com\/?product=harf-kolyeler","title":{"rendered":"Harf Kolyeler"},"content":{"rendered":"<p>Ki\u015fiye \u00f6zel sipari\u015f oldu\u011fundan sipari\u015f s\u0131ras\u0131nda istenilen harfler belirtilmelidir. Fiyatlar zincirli olarak belirtilmi\u015ftir. Ekstra fark maliyeti +320tl olup; 2 veya daha fazlas\u0131 tek zincire tak\u0131l\u0131p g\u00f6nderilir. \u00dcr\u00fcnlerimiz 925 ayar has g\u00fcm\u00fc\u015ften \u00fcretilmektedir. El yap\u0131m\u0131 oldu\u011fundan GR a\u011f\u0131rl\u0131klar\u0131 farkl\u0131l\u0131k g\u00f6stere bilir.<\/p>\n","protected":false},"excerpt":{"rendered":"<p>Ki\u015fiye \u00f6zel sipari\u015f oldu\u011fundan sipari\u015f s\u0131ras\u0131nda istenilen harfler belirtilmelidir. Fiyatlar zincirli olarak belirtilmi\u015ftir. Ekstra fark maliyeti +320tl olup; 2 veya<\/p>\n","protected":false},"featured_media":17520,"comment_status":"closed","ping_status":"closed","template":"","meta":[],"product_brand":[],"product_cat":[76],"product_tag":[],"class_list":{"0":"post-17710","1":"product","2":"type-product","3":"status-publish","4":"has-post-thumbnail","6":"product_cat-gumus-kolye","8":"first","9":"instock","10":"purchasable","11":"product-type-simple"},"jetpack_sharing_enabled":true,"_links":{"self":[{"href":"https:\/\/defneikon.com\/index.php?rest_route=\/wp\/v2\/product\/17710","targetHints":{"allow":["GET"]}}],"collection":[{"href":"https:\/\/defneikon.com\/index.php?rest_route=\/wp\/v2\/product"}],"about":[{"href":"https:\/\/defneikon.com\/index.php?rest_route=\/wp\/v2\/types\/product"}],"replies":[{"embeddable":true,"href":"https:\/\/defneikon.com\/index.php?rest_route=%2Fwp%2Fv2%2Fcomments&post=17710"}],"version-history":[{"count":1,"href":"https:\/\/defneikon.com\/index.php?rest_route=\/wp\/v2\/product\/17710\/revisions"}],"predecessor-version":[{"id":27170,"href":"https:\/\/defneikon.com\/index.php?rest_route=\/wp\/v2\/product\/17710\/revisions\/27170"}],"wp:featuredmedia":[{"embeddable":true,"href":"https:\/\/defneikon.com\/index.php?rest_route=\/wp\/v2\/media\/17520"}],"wp:attachment":[{"href":"https:\/\/defneikon.com\/index.php?rest_route=%2Fwp%2Fv2%2Fmedia&parent=17710"}],"wp:term":[{"taxonomy":"product_brand","embeddable":true,"href":"https:\/\/defneikon.com\/index.php?rest_route=%2Fwp%2Fv2%2Fproduct_brand&post=17710"},{"taxonomy":"product_cat","embeddable":true,"href":"https:\/\/defneikon.com\/index.php?rest_route=%2Fwp%2Fv2%2Fproduct_cat&post=17710"},{"taxonomy":"product_tag","embeddable":true,"href":"https:\/\/defneikon.com\/index.php?rest_route=%2Fwp%2Fv2%2Fproduct_tag&post=17710"}],"curies":[{"name":"wp","href":"https:\/\/api.w.org\/{rel}","templated":true}]}}