{"id":17742,"date":"2024-10-17T14:03:43","date_gmt":"2024-10-17T14:03:43","guid":{"rendered":"https:\/\/www.defneikon.com\/product\/elips-turkuaz-goz-bileklik-lacivert\/"},"modified":"2024-10-17T14:03:43","modified_gmt":"2024-10-17T14:03:43","slug":"elips-turkuaz-goz-bileklik-lacivert","status":"publish","type":"product","link":"https:\/\/defneikon.com\/?product=elips-turkuaz-goz-bileklik-lacivert","title":{"rendered":"Elips T\u00fcrkuaz G\u00f6z Bileklik Lacivert"},"content":{"rendered":"<p>\u00dcr\u00fcnlerimiz 925 ayar has g\u00fcm\u00fc\u015ften \u00fcretilmektedir. sa\u011fl\u0131\u011fa zararl\u0131 maddeler bulunmamaktad\u0131r.  El yap\u0131m\u0131 oldu\u011fundan GR a\u011f\u0131rl\u0131klar\u0131 farkl\u0131l\u0131k ve g\u00f6rseller farkl\u0131l\u0131k g\u00f6sterebilir.<\/p>\n","protected":false},"excerpt":{"rendered":"<p>\u00dcr\u00fcnlerimiz 925 ayar has g\u00fcm\u00fc\u015ften \u00fcretilmektedir. sa\u011fl\u0131\u011fa zararl\u0131 maddeler bulunmamaktad\u0131r. El yap\u0131m\u0131 oldu\u011fundan GR a\u011f\u0131rl\u0131klar\u0131 farkl\u0131l\u0131k ve g\u00f6rseller farkl\u0131l\u0131k g\u00f6sterebilir.<\/p>\n","protected":false},"featured_media":17568,"comment_status":"closed","ping_status":"open","template":"","meta":[],"product_brand":[],"product_cat":[73],"product_tag":[],"class_list":{"0":"post-17742","1":"product","2":"type-product","3":"status-publish","4":"has-post-thumbnail","6":"product_cat-bileklikler","8":"first","9":"instock","10":"purchasable","11":"product-type-simple"},"jetpack_sharing_enabled":true,"_links":{"self":[{"href":"https:\/\/defneikon.com\/index.php?rest_route=\/wp\/v2\/product\/17742","targetHints":{"allow":["GET"]}}],"collection":[{"href":"https:\/\/defneikon.com\/index.php?rest_route=\/wp\/v2\/product"}],"about":[{"href":"https:\/\/defneikon.com\/index.php?rest_route=\/wp\/v2\/types\/product"}],"replies":[{"embeddable":true,"href":"https:\/\/defneikon.com\/index.php?rest_route=%2Fwp%2Fv2%2Fcomments&post=17742"}],"version-history":[{"count":0,"href":"https:\/\/defneikon.com\/index.php?rest_route=\/wp\/v2\/product\/17742\/revisions"}],"wp:featuredmedia":[{"embeddable":true,"href":"https:\/\/defneikon.com\/index.php?rest_route=\/wp\/v2\/media\/17568"}],"wp:attachment":[{"href":"https:\/\/defneikon.com\/index.php?rest_route=%2Fwp%2Fv2%2Fmedia&parent=17742"}],"wp:term":[{"taxonomy":"product_brand","embeddable":true,"href":"https:\/\/defneikon.com\/index.php?rest_route=%2Fwp%2Fv2%2Fproduct_brand&post=17742"},{"taxonomy":"product_cat","embeddable":true,"href":"https:\/\/defneikon.com\/index.php?rest_route=%2Fwp%2Fv2%2Fproduct_cat&post=17742"},{"taxonomy":"product_tag","embeddable":true,"href":"https:\/\/defneikon.com\/index.php?rest_route=%2Fwp%2Fv2%2Fproduct_tag&post=17742"}],"curies":[{"name":"wp","href":"https:\/\/api.w.org\/{rel}","templated":true}]}}