{"id":17772,"date":"2024-10-17T14:04:40","date_gmt":"2024-10-17T14:04:40","guid":{"rendered":"https:\/\/www.defneikon.com\/product\/sitrin-yuzuk-mavi\/"},"modified":"2025-04-23T09:04:53","modified_gmt":"2025-04-23T09:04:53","slug":"sitrin-yuzuk-mavi","status":"publish","type":"product","link":"https:\/\/defneikon.com\/?product=sitrin-yuzuk-mavi","title":{"rendered":"Sitrin Y\u00fcz\u00fck Mavi"},"content":{"rendered":"<p>&#8211; \u00dcR\u00dcNLER\u0130M\u0130Z 925 AYAR G\u00dcM\u00dc\u015eTEN \u0130MAL ED\u0130LMEKTED\u0130R<\/p>\n<p>&#8211; GR, RENK, VE BOYUTLAR EL YAPIMI OLDU\u011eUNDAN FARKLILIK G\u00d6STERE B\u0130L\u0130R<\/p>\n<p>&#8211; Y\u00dcZ\u00dcK \u00d6L\u00c7\u00dcS\u00dcN\u00dc MA\u0130L YADA WHASTAPP YOLUYLA \u0130LETMEN\u0130Z GEREKMEKTED\u0130R. AKS\u0130 TAKD\u0130RDE STANDART \u00d6L\u00c7\u00dc 14 NUMARA OLARAK G\u00d6NDER\u0130M YAPILACAKTIR.<\/p>\n<p>&#8211; TA\u015eLARIMIZ Z\u0130RKON, DE\u011eERL\u0130 YADA YARI DE\u011eERL\u0130 TA\u015eLAR KULANILMAKTADIR.<\/p>\n<p>&#8211; \u00dcR\u00dcNLER\u0130M\u0130Z 6 AY BAKIM GARANT\u0130L\u0130D\u0130R.<\/p>\n","protected":false},"excerpt":{"rendered":"<p>&#8211; \u00dcR\u00dcNLER\u0130M\u0130Z 925 AYAR G\u00dcM\u00dc\u015eTEN \u0130MAL ED\u0130LMEKTED\u0130R &#8211; GR, RENK, VE BOYUTLAR EL YAPIMI OLDU\u011eUNDAN FARKLILIK G\u00d6STERE B\u0130L\u0130R &#8211; Y\u00dcZ\u00dcK<\/p>\n","protected":false},"featured_media":17613,"comment_status":"closed","ping_status":"closed","template":"","meta":[],"product_brand":[],"product_cat":[72],"product_tag":[],"class_list":{"0":"post-17772","1":"product","2":"type-product","3":"status-publish","4":"has-post-thumbnail","6":"product_cat-yuzukler","8":"first","9":"instock","10":"purchasable","11":"product-type-simple"},"jetpack_sharing_enabled":true,"_links":{"self":[{"href":"https:\/\/defneikon.com\/index.php?rest_route=\/wp\/v2\/product\/17772","targetHints":{"allow":["GET"]}}],"collection":[{"href":"https:\/\/defneikon.com\/index.php?rest_route=\/wp\/v2\/product"}],"about":[{"href":"https:\/\/defneikon.com\/index.php?rest_route=\/wp\/v2\/types\/product"}],"replies":[{"embeddable":true,"href":"https:\/\/defneikon.com\/index.php?rest_route=%2Fwp%2Fv2%2Fcomments&post=17772"}],"version-history":[{"count":3,"href":"https:\/\/defneikon.com\/index.php?rest_route=\/wp\/v2\/product\/17772\/revisions"}],"predecessor-version":[{"id":27481,"href":"https:\/\/defneikon.com\/index.php?rest_route=\/wp\/v2\/product\/17772\/revisions\/27481"}],"wp:featuredmedia":[{"embeddable":true,"href":"https:\/\/defneikon.com\/index.php?rest_route=\/wp\/v2\/media\/17613"}],"wp:attachment":[{"href":"https:\/\/defneikon.com\/index.php?rest_route=%2Fwp%2Fv2%2Fmedia&parent=17772"}],"wp:term":[{"taxonomy":"product_brand","embeddable":true,"href":"https:\/\/defneikon.com\/index.php?rest_route=%2Fwp%2Fv2%2Fproduct_brand&post=17772"},{"taxonomy":"product_cat","embeddable":true,"href":"https:\/\/defneikon.com\/index.php?rest_route=%2Fwp%2Fv2%2Fproduct_cat&post=17772"},{"taxonomy":"product_tag","embeddable":true,"href":"https:\/\/defneikon.com\/index.php?rest_route=%2Fwp%2Fv2%2Fproduct_tag&post=17772"}],"curies":[{"name":"wp","href":"https:\/\/api.w.org\/{rel}","templated":true}]}}