{"id":17788,"date":"2024-10-17T14:04:40","date_gmt":"2024-10-17T14:04:40","guid":{"rendered":"https:\/\/www.defneikon.com\/product\/erkek-suyolu\/"},"modified":"2024-10-17T14:04:40","modified_gmt":"2024-10-17T14:04:40","slug":"erkek-suyolu","status":"publish","type":"product","link":"https:\/\/defneikon.com\/?product=erkek-suyolu","title":{"rendered":"Erkek Suyolu"},"content":{"rendered":"<p>6,23GR-\u00dcr\u00fcnllerimiz 925 ayar has g\u00fcm\u00fc\u015ften \u00fcretilmektedir. sa\u011fl\u0131\u011fa zararl\u0131 maddeler bulunmamaktad\u0131r.  El yap\u0131m\u0131 oldu\u011fundan GR a\u011f\u0131rl\u0131klar\u0131 farkl\u0131l\u0131k ve g\u00f6rseller farkl\u0131l\u0131k g\u00f6sterebilir.<\/p>\n","protected":false},"excerpt":{"rendered":"<p>6,23GR-\u00dcr\u00fcnllerimiz 925 ayar has g\u00fcm\u00fc\u015ften \u00fcretilmektedir. sa\u011fl\u0131\u011fa zararl\u0131 maddeler bulunmamaktad\u0131r. El yap\u0131m\u0131 oldu\u011fundan GR a\u011f\u0131rl\u0131klar\u0131 farkl\u0131l\u0131k ve g\u00f6rseller farkl\u0131l\u0131k g\u00f6sterebilir.<\/p>\n","protected":false},"featured_media":17637,"comment_status":"closed","ping_status":"open","template":"","meta":[],"product_brand":[],"product_cat":[73],"product_tag":[],"class_list":{"0":"post-17788","1":"product","2":"type-product","3":"status-publish","4":"has-post-thumbnail","6":"product_cat-bileklikler","8":"first","9":"instock","10":"purchasable","11":"product-type-simple"},"jetpack_sharing_enabled":true,"_links":{"self":[{"href":"https:\/\/defneikon.com\/index.php?rest_route=\/wp\/v2\/product\/17788","targetHints":{"allow":["GET"]}}],"collection":[{"href":"https:\/\/defneikon.com\/index.php?rest_route=\/wp\/v2\/product"}],"about":[{"href":"https:\/\/defneikon.com\/index.php?rest_route=\/wp\/v2\/types\/product"}],"replies":[{"embeddable":true,"href":"https:\/\/defneikon.com\/index.php?rest_route=%2Fwp%2Fv2%2Fcomments&post=17788"}],"version-history":[{"count":1,"href":"https:\/\/defneikon.com\/index.php?rest_route=\/wp\/v2\/product\/17788\/revisions"}],"predecessor-version":[{"id":27598,"href":"https:\/\/defneikon.com\/index.php?rest_route=\/wp\/v2\/product\/17788\/revisions\/27598"}],"wp:featuredmedia":[{"embeddable":true,"href":"https:\/\/defneikon.com\/index.php?rest_route=\/wp\/v2\/media\/17637"}],"wp:attachment":[{"href":"https:\/\/defneikon.com\/index.php?rest_route=%2Fwp%2Fv2%2Fmedia&parent=17788"}],"wp:term":[{"taxonomy":"product_brand","embeddable":true,"href":"https:\/\/defneikon.com\/index.php?rest_route=%2Fwp%2Fv2%2Fproduct_brand&post=17788"},{"taxonomy":"product_cat","embeddable":true,"href":"https:\/\/defneikon.com\/index.php?rest_route=%2Fwp%2Fv2%2Fproduct_cat&post=17788"},{"taxonomy":"product_tag","embeddable":true,"href":"https:\/\/defneikon.com\/index.php?rest_route=%2Fwp%2Fv2%2Fproduct_tag&post=17788"}],"curies":[{"name":"wp","href":"https:\/\/api.w.org\/{rel}","templated":true}]}}