{"id":27408,"date":"2025-03-03T11:51:17","date_gmt":"2025-03-03T11:51:17","guid":{"rendered":"https:\/\/defneikon.com\/?product=ay-tasi-tesbih"},"modified":"2025-03-03T11:51:20","modified_gmt":"2025-03-03T11:51:20","slug":"ay-tasi-tesbih","status":"publish","type":"product","link":"https:\/\/defneikon.com\/?product=ay-tasi-tesbih","title":{"rendered":"AY TA\u015eI TESB\u0130H"},"content":{"rendered":"<p>TESB\u0130H\u0130M\u0130Z AY TA\u015eINDAN, 33 ADETTEN OLU\u015eMAKTADIR. 33 TA\u015eTAN SONRA B\u0130R ADET STOPER BULUNUR.<br \/>\n\u0130MAME 995 AYAR GER\u00c7EK G\u00dcM\u00dc\u015eTEN OLU\u015eMAKTA.<\/p>\n","protected":false},"excerpt":{"rendered":"<p>TESB\u0130H\u0130M\u0130Z AY TA\u015eINDAN, 33 ADETTEN OLU\u015eMAKTADIR. 33 TA\u015eTAN SONRA B\u0130R ADET STOPER BULUNUR. \u0130MAME 995 AYAR GER\u00c7EK G\u00dcM\u00dc\u015eTEN OLU\u015eMAKTA.<\/p>\n","protected":false},"featured_media":27215,"comment_status":"closed","ping_status":"open","template":"","meta":[],"product_brand":[],"product_cat":[83],"product_tag":[],"class_list":{"0":"post-27408","1":"product","2":"type-product","3":"status-publish","4":"has-post-thumbnail","6":"product_cat-tesbih","8":"first","9":"instock","10":"purchasable","11":"product-type-simple"},"jetpack_sharing_enabled":true,"_links":{"self":[{"href":"https:\/\/defneikon.com\/index.php?rest_route=\/wp\/v2\/product\/27408","targetHints":{"allow":["GET"]}}],"collection":[{"href":"https:\/\/defneikon.com\/index.php?rest_route=\/wp\/v2\/product"}],"about":[{"href":"https:\/\/defneikon.com\/index.php?rest_route=\/wp\/v2\/types\/product"}],"replies":[{"embeddable":true,"href":"https:\/\/defneikon.com\/index.php?rest_route=%2Fwp%2Fv2%2Fcomments&post=27408"}],"version-history":[{"count":1,"href":"https:\/\/defneikon.com\/index.php?rest_route=\/wp\/v2\/product\/27408\/revisions"}],"predecessor-version":[{"id":27409,"href":"https:\/\/defneikon.com\/index.php?rest_route=\/wp\/v2\/product\/27408\/revisions\/27409"}],"wp:featuredmedia":[{"embeddable":true,"href":"https:\/\/defneikon.com\/index.php?rest_route=\/wp\/v2\/media\/27215"}],"wp:attachment":[{"href":"https:\/\/defneikon.com\/index.php?rest_route=%2Fwp%2Fv2%2Fmedia&parent=27408"}],"wp:term":[{"taxonomy":"product_brand","embeddable":true,"href":"https:\/\/defneikon.com\/index.php?rest_route=%2Fwp%2Fv2%2Fproduct_brand&post=27408"},{"taxonomy":"product_cat","embeddable":true,"href":"https:\/\/defneikon.com\/index.php?rest_route=%2Fwp%2Fv2%2Fproduct_cat&post=27408"},{"taxonomy":"product_tag","embeddable":true,"href":"https:\/\/defneikon.com\/index.php?rest_route=%2Fwp%2Fv2%2Fproduct_tag&post=27408"}],"curies":[{"name":"wp","href":"https:\/\/api.w.org\/{rel}","templated":true}]}}