{"id":27410,"date":"2025-03-03T11:51:17","date_gmt":"2025-03-03T11:51:17","guid":{"rendered":"https:\/\/defneikon.com\/?product=tesbih-imame"},"modified":"2025-03-03T11:51:20","modified_gmt":"2025-03-03T11:51:20","slug":"tesbih-imame","status":"publish","type":"product","link":"https:\/\/defneikon.com\/?product=tesbih-imame","title":{"rendered":"TESB\u0130H \u0130MAME"},"content":{"rendered":"<p>TESB\u0130H MALZEMELER\u0130. G\u00dcM\u00dc\u015e KAPLAMA \u0130MAME, B\u0130JUTER\u0130. F\u0130YAT 3 ADET \u0130\u00c7\u0130N GE\u00c7ERL\u0130D\u0130R.<\/p>\n","protected":false},"excerpt":{"rendered":"<p>TESB\u0130H MALZEMELER\u0130. G\u00dcM\u00dc\u015e KAPLAMA \u0130MAME, B\u0130JUTER\u0130. F\u0130YAT 3 ADET \u0130\u00c7\u0130N GE\u00c7ERL\u0130D\u0130R.<\/p>\n","protected":false},"featured_media":27218,"comment_status":"closed","ping_status":"open","template":"","meta":[],"product_brand":[],"product_cat":[83],"product_tag":[],"class_list":{"0":"post-27410","1":"product","2":"type-product","3":"status-publish","4":"has-post-thumbnail","6":"product_cat-tesbih","8":"first","9":"instock","10":"purchasable","11":"product-type-simple"},"jetpack_sharing_enabled":true,"_links":{"self":[{"href":"https:\/\/defneikon.com\/index.php?rest_route=\/wp\/v2\/product\/27410","targetHints":{"allow":["GET"]}}],"collection":[{"href":"https:\/\/defneikon.com\/index.php?rest_route=\/wp\/v2\/product"}],"about":[{"href":"https:\/\/defneikon.com\/index.php?rest_route=\/wp\/v2\/types\/product"}],"replies":[{"embeddable":true,"href":"https:\/\/defneikon.com\/index.php?rest_route=%2Fwp%2Fv2%2Fcomments&post=27410"}],"version-history":[{"count":1,"href":"https:\/\/defneikon.com\/index.php?rest_route=\/wp\/v2\/product\/27410\/revisions"}],"predecessor-version":[{"id":27411,"href":"https:\/\/defneikon.com\/index.php?rest_route=\/wp\/v2\/product\/27410\/revisions\/27411"}],"wp:featuredmedia":[{"embeddable":true,"href":"https:\/\/defneikon.com\/index.php?rest_route=\/wp\/v2\/media\/27218"}],"wp:attachment":[{"href":"https:\/\/defneikon.com\/index.php?rest_route=%2Fwp%2Fv2%2Fmedia&parent=27410"}],"wp:term":[{"taxonomy":"product_brand","embeddable":true,"href":"https:\/\/defneikon.com\/index.php?rest_route=%2Fwp%2Fv2%2Fproduct_brand&post=27410"},{"taxonomy":"product_cat","embeddable":true,"href":"https:\/\/defneikon.com\/index.php?rest_route=%2Fwp%2Fv2%2Fproduct_cat&post=27410"},{"taxonomy":"product_tag","embeddable":true,"href":"https:\/\/defneikon.com\/index.php?rest_route=%2Fwp%2Fv2%2Fproduct_tag&post=27410"}],"curies":[{"name":"wp","href":"https:\/\/api.w.org\/{rel}","templated":true}]}}