{"id":27442,"date":"2025-03-03T11:51:34","date_gmt":"2025-03-03T11:51:34","guid":{"rendered":"https:\/\/defneikon.com\/?product=gumus-kaplama-tesbih-4"},"modified":"2025-03-03T11:51:37","modified_gmt":"2025-03-03T11:51:37","slug":"gumus-kaplama-tesbih-4","status":"publish","type":"product","link":"https:\/\/defneikon.com\/?product=gumus-kaplama-tesbih-4","title":{"rendered":"G\u00dcM\u00dc\u015e KAPLAMA TESB\u0130H -4"},"content":{"rendered":"<p>G\u00dcM\u00dc\u015e KAPLAMA, B\u0130JUTER\u0130, PLAST\u0130K TESP\u0130H<\/p>\n","protected":false},"excerpt":{"rendered":"<p>G\u00dcM\u00dc\u015e KAPLAMA, B\u0130JUTER\u0130, PLAST\u0130K TESP\u0130H<\/p>\n","protected":false},"featured_media":27313,"comment_status":"closed","ping_status":"open","template":"","meta":[],"product_brand":[],"product_cat":[83],"product_tag":[],"class_list":{"0":"post-27442","1":"product","2":"type-product","3":"status-publish","4":"has-post-thumbnail","6":"product_cat-tesbih","8":"first","9":"instock","10":"purchasable","11":"product-type-simple"},"jetpack_sharing_enabled":true,"_links":{"self":[{"href":"https:\/\/defneikon.com\/index.php?rest_route=\/wp\/v2\/product\/27442","targetHints":{"allow":["GET"]}}],"collection":[{"href":"https:\/\/defneikon.com\/index.php?rest_route=\/wp\/v2\/product"}],"about":[{"href":"https:\/\/defneikon.com\/index.php?rest_route=\/wp\/v2\/types\/product"}],"replies":[{"embeddable":true,"href":"https:\/\/defneikon.com\/index.php?rest_route=%2Fwp%2Fv2%2Fcomments&post=27442"}],"version-history":[{"count":1,"href":"https:\/\/defneikon.com\/index.php?rest_route=\/wp\/v2\/product\/27442\/revisions"}],"predecessor-version":[{"id":27443,"href":"https:\/\/defneikon.com\/index.php?rest_route=\/wp\/v2\/product\/27442\/revisions\/27443"}],"wp:featuredmedia":[{"embeddable":true,"href":"https:\/\/defneikon.com\/index.php?rest_route=\/wp\/v2\/media\/27313"}],"wp:attachment":[{"href":"https:\/\/defneikon.com\/index.php?rest_route=%2Fwp%2Fv2%2Fmedia&parent=27442"}],"wp:term":[{"taxonomy":"product_brand","embeddable":true,"href":"https:\/\/defneikon.com\/index.php?rest_route=%2Fwp%2Fv2%2Fproduct_brand&post=27442"},{"taxonomy":"product_cat","embeddable":true,"href":"https:\/\/defneikon.com\/index.php?rest_route=%2Fwp%2Fv2%2Fproduct_cat&post=27442"},{"taxonomy":"product_tag","embeddable":true,"href":"https:\/\/defneikon.com\/index.php?rest_route=%2Fwp%2Fv2%2Fproduct_tag&post=27442"}],"curies":[{"name":"wp","href":"https:\/\/api.w.org\/{rel}","templated":true}]}}