{"id":27450,"date":"2025-03-03T11:51:34","date_gmt":"2025-03-03T11:51:34","guid":{"rendered":"https:\/\/defneikon.com\/?product=gumus-kaplama-tesbih-8"},"modified":"2025-03-03T11:51:37","modified_gmt":"2025-03-03T11:51:37","slug":"gumus-kaplama-tesbih-8","status":"publish","type":"product","link":"https:\/\/defneikon.com\/?product=gumus-kaplama-tesbih-8","title":{"rendered":"G\u00dcM\u00dc\u015e KAPLAMA TESB\u0130H -8"},"content":{"rendered":"<p>HAS TA\u015eLI, G\u00dcM\u00dc\u015e KAPLAMA, B\u0130JUTER\u0130, PLAST\u0130K TESP\u0130H<\/p>\n","protected":false},"excerpt":{"rendered":"<p>HAS TA\u015eLI, G\u00dcM\u00dc\u015e KAPLAMA, B\u0130JUTER\u0130, PLAST\u0130K TESP\u0130H<\/p>\n","protected":false},"featured_media":27316,"comment_status":"closed","ping_status":"open","template":"","meta":[],"product_brand":[],"product_cat":[83],"product_tag":[],"class_list":{"0":"post-27450","1":"product","2":"type-product","3":"status-publish","4":"has-post-thumbnail","6":"product_cat-tesbih","8":"first","9":"instock","10":"purchasable","11":"product-type-simple"},"jetpack_sharing_enabled":true,"_links":{"self":[{"href":"https:\/\/defneikon.com\/index.php?rest_route=\/wp\/v2\/product\/27450","targetHints":{"allow":["GET"]}}],"collection":[{"href":"https:\/\/defneikon.com\/index.php?rest_route=\/wp\/v2\/product"}],"about":[{"href":"https:\/\/defneikon.com\/index.php?rest_route=\/wp\/v2\/types\/product"}],"replies":[{"embeddable":true,"href":"https:\/\/defneikon.com\/index.php?rest_route=%2Fwp%2Fv2%2Fcomments&post=27450"}],"version-history":[{"count":1,"href":"https:\/\/defneikon.com\/index.php?rest_route=\/wp\/v2\/product\/27450\/revisions"}],"predecessor-version":[{"id":27451,"href":"https:\/\/defneikon.com\/index.php?rest_route=\/wp\/v2\/product\/27450\/revisions\/27451"}],"wp:featuredmedia":[{"embeddable":true,"href":"https:\/\/defneikon.com\/index.php?rest_route=\/wp\/v2\/media\/27316"}],"wp:attachment":[{"href":"https:\/\/defneikon.com\/index.php?rest_route=%2Fwp%2Fv2%2Fmedia&parent=27450"}],"wp:term":[{"taxonomy":"product_brand","embeddable":true,"href":"https:\/\/defneikon.com\/index.php?rest_route=%2Fwp%2Fv2%2Fproduct_brand&post=27450"},{"taxonomy":"product_cat","embeddable":true,"href":"https:\/\/defneikon.com\/index.php?rest_route=%2Fwp%2Fv2%2Fproduct_cat&post=27450"},{"taxonomy":"product_tag","embeddable":true,"href":"https:\/\/defneikon.com\/index.php?rest_route=%2Fwp%2Fv2%2Fproduct_tag&post=27450"}],"curies":[{"name":"wp","href":"https:\/\/api.w.org\/{rel}","templated":true}]}}